{"id":80,"date":"2018-09-15T13:14:46","date_gmt":"2018-09-15T10:14:46","guid":{"rendered":"http:\/\/demo.safirtema.com\/denge\/?page_id=70"},"modified":"2019-12-18T00:00:01","modified_gmt":"2019-12-17T21:00:01","slug":"a-propos-de-nous","status":"publish","type":"page","link":"https:\/\/www.cansinbant.com.tr\/fr\/a-propos-de-nous\/","title":{"rendered":"\u00c0 propos de nous"},"content":{"rendered":"<p><img loading=\"lazy\" decoding=\"async\" class=\"aligncenter wp-image-73 size-full\" src=\"http:\/\/www.cansinbant.com.tr\/wp-content\/uploads\/2019\/03\/cans\u0131n-bant.jpg\" alt=\"\" width=\"770\" height=\"353\" \/><\/p>\n<p>Chers amis,<br \/>\nDepuis 1984, nous ajoutons de nouveaux produits \u00e0 notre gamme chaque ann\u00e9e et faisons<br \/>\nde notre mieux pour fournir les produits les plus pr\u00e9cis aux prix les plus raisonnables \u00e0 nos<br \/>\nconsommateurs.<\/p>\n<p>Nous sommes toujours impatients de m\u00e9riter votre foi et votre confiance qui nous efforcent de<br \/>\nfaire le bon travail de la meilleure fa\u00e7on.<\/p>\n<p>Nous sommes toujours pr\u00e8s de chez vous. Nous sommes sur les ferries ou, les trains que vous<br \/>\nvoyagez, Nous sommes aux kiosques pr\u00e8s de votre entreprise; nous sommes dans les h\u00f4pitaux o\u00f9<br \/>\nvous \u00eates trait\u00e9;<\/p>\n<p>Nous sommes dans vos pharmacies ou dans vos march\u00e9s o\u00f9 vous magasinez. Nous sommes chez<br \/>\nvous\u2026<\/p>\n<p>Nous sommes tr\u00e8s heureux de vous pr\u00e9senter notre nouveau produit cataloue, \u00e0 nos amis bienaim\u00e9s<br \/>\nqui nous ont toujours glorifi\u00e9s.<\/p>\n<p>Cordialement,<br \/>\nCem \u00d6zy\u0131ld\u0131r\u0131m<\/p>\n","protected":false},"excerpt":{"rendered":"<p>Chers amis, Depuis 1984, nous ajoutons de nouveaux produits \u00e0 notre gamme chaque ann\u00e9e et faisons de notre mieux pour fournir les produits les plus pr\u00e9cis aux prix les plus raisonnables \u00e0 nos consommateurs. Nous sommes toujours impatients de m\u00e9riter votre foi et votre confiance qui nous efforcent de faire le bon travail de la [&hellip;]<\/p>\n","protected":false},"author":1,"featured_media":0,"parent":0,"menu_order":0,"comment_status":"closed","ping_status":"closed","template":"","meta":{"footnotes":""},"class_list":["post-80","page","type-page","status-publish","hentry"],"_links":{"self":[{"href":"https:\/\/www.cansinbant.com.tr\/fr\/wp-json\/wp\/v2\/pages\/80","targetHints":{"allow":["GET"]}}],"collection":[{"href":"https:\/\/www.cansinbant.com.tr\/fr\/wp-json\/wp\/v2\/pages"}],"about":[{"href":"https:\/\/www.cansinbant.com.tr\/fr\/wp-json\/wp\/v2\/types\/page"}],"author":[{"embeddable":true,"href":"https:\/\/www.cansinbant.com.tr\/fr\/wp-json\/wp\/v2\/users\/1"}],"replies":[{"embeddable":true,"href":"https:\/\/www.cansinbant.com.tr\/fr\/wp-json\/wp\/v2\/comments?post=80"}],"version-history":[{"count":14,"href":"https:\/\/www.cansinbant.com.tr\/fr\/wp-json\/wp\/v2\/pages\/80\/revisions"}],"predecessor-version":[{"id":1000,"href":"https:\/\/www.cansinbant.com.tr\/fr\/wp-json\/wp\/v2\/pages\/80\/revisions\/1000"}],"wp:attachment":[{"href":"https:\/\/www.cansinbant.com.tr\/fr\/wp-json\/wp\/v2\/media?parent=80"}],"curies":[{"name":"wp","href":"https:\/\/api.w.org\/{rel}","templated":true}]}}