{"id":314,"date":"2019-01-02T12:35:01","date_gmt":"2019-01-02T10:35:01","guid":{"rendered":"http:\/\/esgrafik.net\/demo\/es\/?page_id=314"},"modified":"2019-12-18T00:03:51","modified_gmt":"2019-12-17T21:03:51","slug":"notre-politique-de-qualite","status":"publish","type":"page","link":"https:\/\/www.cansinbant.com.tr\/fr\/notre-politique-de-qualite\/","title":{"rendered":"Notre Politique De Qualit\u00e9"},"content":{"rendered":"\n\n\t\t\t<div class=\"safir-list\">\n\t\t\t<\/p>\n<ul>\n<li>\u201c\u0130nsan Sa\u011fl\u0131\u011f\u0131n\u0131n\u201d \u00f6nemini t\u00fcm birimlerce \u00f6z\u00fcmsenerek, gereken tedbirleri almak.<\/li>\n<li>\u00dcretim birimlerinin, \u00fcr\u00fcn hijyeni i\u00e7in, \u00f6nce \u015fahsi, ard\u0131ndan fiziksel ortam i\u00e7in gerekli olan hijyen kurallar\u0131na uymas\u0131n\u0131 sa\u011flamak.<\/li>\n<li>ISO 13485:2016 kalite y\u00f6netim sistemi \u015fartlar\u0131n\u0131 efektif olarak uygulayabilmek.<\/li>\n<li>\u00dcr\u00fcnlerimizde m\u00fc\u015fteri tatmin ve ihtiya\u00e7lar\u0131n\u0131 dikkate alarak s\u00fcrekli iyile\u015ftirme sa\u011flamak.<\/li>\n<li>\u00dcr\u00fcnlerimizin, \u00fcretim, depolama ve y\u00fckleme ko\u015fullar\u0131nda gerekli hijyeni sa\u011flamak ve korumak.<\/li>\n<li>G\u00fcncel teknolojiyi takip ederek, piyasalar\u0131n arzu etti\u011fi \u00e7e\u015fitleri ara\u015ft\u0131rmak, geli\u015ftirmek ve piyasaya arz etmek.<\/li>\n<li>Sistem ve proseslerimizi s\u00fcrekli g\u00f6zden ge\u00e7irerek, gerekli de\u011fi\u015fiklikleri yapmak.<\/li>\n<\/ul>\n<p>\n\t\t\t<\/div>\n\n\t\t\n","protected":false},"excerpt":{"rendered":"","protected":false},"author":1,"featured_media":0,"parent":0,"menu_order":0,"comment_status":"closed","ping_status":"closed","template":"","meta":{"footnotes":""},"class_list":["post-314","page","type-page","status-publish","hentry"],"_links":{"self":[{"href":"https:\/\/www.cansinbant.com.tr\/fr\/wp-json\/wp\/v2\/pages\/314","targetHints":{"allow":["GET"]}}],"collection":[{"href":"https:\/\/www.cansinbant.com.tr\/fr\/wp-json\/wp\/v2\/pages"}],"about":[{"href":"https:\/\/www.cansinbant.com.tr\/fr\/wp-json\/wp\/v2\/types\/page"}],"author":[{"embeddable":true,"href":"https:\/\/www.cansinbant.com.tr\/fr\/wp-json\/wp\/v2\/users\/1"}],"replies":[{"embeddable":true,"href":"https:\/\/www.cansinbant.com.tr\/fr\/wp-json\/wp\/v2\/comments?post=314"}],"version-history":[{"count":8,"href":"https:\/\/www.cansinbant.com.tr\/fr\/wp-json\/wp\/v2\/pages\/314\/revisions"}],"predecessor-version":[{"id":1003,"href":"https:\/\/www.cansinbant.com.tr\/fr\/wp-json\/wp\/v2\/pages\/314\/revisions\/1003"}],"wp:attachment":[{"href":"https:\/\/www.cansinbant.com.tr\/fr\/wp-json\/wp\/v2\/media?parent=314"}],"curies":[{"name":"wp","href":"https:\/\/api.w.org\/{rel}","templated":true}]}}